{"id":3155,"date":"2022-03-24T18:15:51","date_gmt":"2022-03-24T18:15:51","guid":{"rendered":"https:\/\/invict.com.co\/kaymera\/?page_id=3155"},"modified":"2022-04-21T18:06:12","modified_gmt":"2022-04-21T18:06:12","slug":"precio-app-encriptada-kaymera","status":"publish","type":"page","link":"https:\/\/invict.com.co\/kaymera\/precio-app-encriptada-kaymera\/","title":{"rendered":"Precio App Encriptada Kaymera"},"content":{"rendered":"\t\t<div data-elementor-type=\"wp-page\" data-elementor-id=\"3155\" class=\"elementor elementor-3155\">\n\t\t\t\t\t\t<section class=\"has_eae_slider elementor-section elementor-top-section elementor-element elementor-element-90ee993 elementor-section-boxed elementor-section-height-default elementor-section-height-default\" data-eae-slider=\"10656\" data-id=\"90ee993\" data-element_type=\"section\" data-e-type=\"section\" data-settings=\"{&quot;background_background&quot;:&quot;classic&quot;}\">\n\t\t\t\t\t\t<div class=\"elementor-container elementor-column-gap-default\">\n\t\t\t\t\t<div class=\"has_eae_slider elementor-column elementor-col-100 elementor-top-column elementor-element elementor-element-18458b6\" data-eae-slider=\"29838\" data-id=\"18458b6\" data-element_type=\"column\" data-e-type=\"column\">\n\t\t\t<div class=\"elementor-widget-wrap elementor-element-populated\">\n\t\t\t\t\t\t<div class=\"elementor-element elementor-element-ccf98a8 elementor-widget elementor-widget-spacer\" data-id=\"ccf98a8\" data-element_type=\"widget\" data-e-type=\"widget\" data-widget_type=\"spacer.default\">\n\t\t\t\t<div class=\"elementor-widget-container\">\n\t\t\t\t\t\t\t<div class=\"elementor-spacer\">\n\t\t\t<div class=\"elementor-spacer-inner\"><\/div>\n\t\t<\/div>\n\t\t\t\t\t\t<\/div>\n\t\t\t\t<\/div>\n\t\t\t\t<div class=\"elementor-element elementor-element-d76dec4 elementor-widget elementor-widget-text-editor\" data-id=\"d76dec4\" data-element_type=\"widget\" data-e-type=\"widget\" data-widget_type=\"text-editor.default\">\n\t\t\t\t<div class=\"elementor-widget-container\">\n\t\t\t\t\t\t\t\t\t<p>APP ENCRIPTADA KAYMERA PRECIOS EXPRESADOS EN PESOS COLOMBIANOS<\/p>\t\t\t\t\t\t\t\t<\/div>\n\t\t\t\t<\/div>\n\t\t\t\t<div class=\"elementor-element elementor-element-49e6aaf elementor-widget elementor-widget-text-editor\" data-id=\"49e6aaf\" data-element_type=\"widget\" data-e-type=\"widget\" data-widget_type=\"text-editor.default\">\n\t\t\t\t<div class=\"elementor-widget-container\">\n\t\t\t\t\t\t\t\t\tApp Encriptada KAYMERA:  <br\/>\n<span style=\"color: #e4524c;\">comunicaciones con m\u00e1xima seguridad<\/span>.\t\t\t\t\t\t\t\t<\/div>\n\t\t\t\t<\/div>\n\t\t\t\t<div class=\"elementor-element elementor-element-3b032ed elementor-widget elementor-widget-text-editor\" data-id=\"3b032ed\" data-element_type=\"widget\" data-e-type=\"widget\" data-widget_type=\"text-editor.default\">\n\t\t\t\t<div class=\"elementor-widget-container\">\n\t\t\t\t\t\t\t\t\t<div><b>App M\u00f3vil de Comunicaci\u00f3n Encriptada Grado Militar\u00a0<\/b>para Enlaces de Voz y env\u00edo de Archivos y Mensajes con otros usuarios KAYMERA; basada en cifrado AES-256 sim\u00e9trico para la m\u00e1xima privacidad y protecci\u00f3n.<\/div>\t\t\t\t\t\t\t\t<\/div>\n\t\t\t\t<\/div>\n\t\t\t\t<div class=\"elementor-element elementor-element-5f6e00b elementor-align-center elementor-widget elementor-widget-button\" data-id=\"5f6e00b\" data-element_type=\"widget\" data-e-type=\"widget\" data-widget_type=\"button.default\">\n\t\t\t\t<div class=\"elementor-widget-container\">\n\t\t\t\t\t\t\t\t\t<div class=\"elementor-button-wrapper\">\n\t\t\t\t\t<a class=\"elementor-button elementor-button-link elementor-size-sm\" href=\"https:\/\/invict.com.co\/kaymera\/contacto\/\">\n\t\t\t\t\t\t<span class=\"elementor-button-content-wrapper\">\n\t\t\t\t\t\t\t\t\t<span class=\"elementor-button-text\">CONT\u00c1CTANOS<\/span>\n\t\t\t\t\t<\/span>\n\t\t\t\t\t<\/a>\n\t\t\t\t<\/div>\n\t\t\t\t\t\t\t\t<\/div>\n\t\t\t\t<\/div>\n\t\t\t\t<div class=\"elementor-element elementor-element-c03fd69 elementor-widget elementor-widget-spacer\" data-id=\"c03fd69\" data-element_type=\"widget\" data-e-type=\"widget\" data-widget_type=\"spacer.default\">\n\t\t\t\t<div class=\"elementor-widget-container\">\n\t\t\t\t\t\t\t<div class=\"elementor-spacer\">\n\t\t\t<div class=\"elementor-spacer-inner\"><\/div>\n\t\t<\/div>\n\t\t\t\t\t\t<\/div>\n\t\t\t\t<\/div>\n\t\t\t\t\t<\/div>\n\t\t<\/div>\n\t\t\t\t\t<\/div>\n\t\t<\/section>\n\t\t\t\t<section class=\"has_eae_slider elementor-section elementor-top-section elementor-element elementor-element-6cdfce1 elementor-section-boxed elementor-section-height-default elementor-section-height-default\" data-eae-slider=\"93516\" data-id=\"6cdfce1\" data-element_type=\"section\" data-e-type=\"section\">\n\t\t\t\t\t\t<div class=\"elementor-container elementor-column-gap-default\">\n\t\t\t\t\t<div class=\"has_eae_slider elementor-column elementor-col-100 elementor-top-column elementor-element elementor-element-7a6cfb2\" data-eae-slider=\"63357\" data-id=\"7a6cfb2\" data-element_type=\"column\" data-e-type=\"column\">\n\t\t\t<div class=\"elementor-widget-wrap elementor-element-populated\">\n\t\t\t\t\t\t<div class=\"elementor-element elementor-element-c47937b elementor-widget elementor-widget-spacer\" data-id=\"c47937b\" data-element_type=\"widget\" data-e-type=\"widget\" data-widget_type=\"spacer.default\">\n\t\t\t\t<div class=\"elementor-widget-container\">\n\t\t\t\t\t\t\t<div class=\"elementor-spacer\">\n\t\t\t<div class=\"elementor-spacer-inner\"><\/div>\n\t\t<\/div>\n\t\t\t\t\t\t<\/div>\n\t\t\t\t<\/div>\n\t\t\t\t\t<\/div>\n\t\t<\/div>\n\t\t\t\t\t<\/div>\n\t\t<\/section>\n\t\t\t\t<section class=\"has_eae_slider elementor-section elementor-top-section elementor-element elementor-element-f3f7347 elementor-section-boxed elementor-section-height-default elementor-section-height-default\" data-eae-slider=\"4784\" data-id=\"f3f7347\" data-element_type=\"section\" data-e-type=\"section\">\n\t\t\t\t\t\t<div class=\"elementor-container elementor-column-gap-default\">\n\t\t\t\t\t<div class=\"has_eae_slider elementor-column elementor-col-33 elementor-top-column elementor-element elementor-element-c35809e\" data-eae-slider=\"76246\" data-id=\"c35809e\" data-element_type=\"column\" data-e-type=\"column\">\n\t\t\t<div class=\"elementor-widget-wrap elementor-element-populated\">\n\t\t\t\t\t\t<div class=\"elementor-element elementor-element-22c1199 elementor-widget elementor-widget-image\" data-id=\"22c1199\" data-element_type=\"widget\" data-e-type=\"widget\" data-widget_type=\"image.default\">\n\t\t\t\t<div class=\"elementor-widget-container\">\n\t\t\t\t\t\t\t\t\t\t\t\t\t\t\t<img fetchpriority=\"high\" decoding=\"async\" width=\"608\" height=\"608\" src=\"https:\/\/invict.com.co\/kaymera\/wp-content\/uploads\/2022\/03\/appencriptada.png\" class=\"attachment-full size-full wp-image-3600\" alt=\"\" srcset=\"https:\/\/invict.com.co\/kaymera\/wp-content\/uploads\/2022\/03\/appencriptada.png 608w, https:\/\/invict.com.co\/kaymera\/wp-content\/uploads\/2022\/03\/appencriptada-300x300.png 300w, https:\/\/invict.com.co\/kaymera\/wp-content\/uploads\/2022\/03\/appencriptada-150x150.png 150w\" sizes=\"(max-width: 608px) 100vw, 608px\" \/>\t\t\t\t\t\t\t\t\t\t\t\t\t\t\t<\/div>\n\t\t\t\t<\/div>\n\t\t\t\t\t<\/div>\n\t\t<\/div>\n\t\t\t\t<div class=\"has_eae_slider elementor-column elementor-col-66 elementor-top-column elementor-element elementor-element-0e03541\" data-eae-slider=\"9999\" data-id=\"0e03541\" data-element_type=\"column\" data-e-type=\"column\">\n\t\t\t<div class=\"elementor-widget-wrap elementor-element-populated\">\n\t\t\t\t\t\t<div class=\"elementor-element elementor-element-0dbcadd elementor-widget elementor-widget-text-editor\" data-id=\"0dbcadd\" data-element_type=\"widget\" data-e-type=\"widget\" data-widget_type=\"text-editor.default\">\n\t\t\t\t<div class=\"elementor-widget-container\">\n\t\t\t\t\t\t\t\t\t<table width=\"425\"><tbody><tr><td width=\"293\"><strong>Concepto<\/strong><\/td><td width=\"132\"><strong>Precio <\/strong><em>(c\/IVA 19%)<\/em><\/td><\/tr><tr><td width=\"293\">Licencia de 12 meses de servicio de la <strong>App Encriptada KAYMERA [<\/strong><strong>CipherBond<\/strong><strong>]<\/strong>.<\/td><td width=\"132\"><strong>$ 1.390.000<\/strong><\/td><\/tr><\/tbody><\/table><ul><li><em>Se instala en el equipo <strong>iPhone<\/strong> o <strong>Android<\/strong> del usuario.<\/em><\/li><li><em>NO incluye el costo del servicio de Enlaces Semi-Seguros de Voz.<\/em><\/li><li><em>Precios expresados en pesos colombianos\u00a0(COP$) y sujetos a variaci\u00f3n<\/em><\/li><\/ul>\t\t\t\t\t\t\t\t<\/div>\n\t\t\t\t<\/div>\n\t\t\t\t\t<\/div>\n\t\t<\/div>\n\t\t\t\t\t<\/div>\n\t\t<\/section>\n\t\t\t\t<section class=\"has_eae_slider elementor-section elementor-top-section elementor-element elementor-element-33a0441 elementor-section-boxed elementor-section-height-default elementor-section-height-default\" data-eae-slider=\"81700\" data-id=\"33a0441\" data-element_type=\"section\" data-e-type=\"section\">\n\t\t\t\t\t\t<div class=\"elementor-container elementor-column-gap-default\">\n\t\t\t\t\t<div class=\"has_eae_slider elementor-column elementor-col-100 elementor-top-column elementor-element elementor-element-079e718\" data-eae-slider=\"7986\" data-id=\"079e718\" data-element_type=\"column\" data-e-type=\"column\">\n\t\t\t<div class=\"elementor-widget-wrap elementor-element-populated\">\n\t\t\t\t\t\t<div class=\"elementor-element elementor-element-d21c03b elementor-widget elementor-widget-spacer\" data-id=\"d21c03b\" data-element_type=\"widget\" data-e-type=\"widget\" data-widget_type=\"spacer.default\">\n\t\t\t\t<div class=\"elementor-widget-container\">\n\t\t\t\t\t\t\t<div class=\"elementor-spacer\">\n\t\t\t<div class=\"elementor-spacer-inner\"><\/div>\n\t\t<\/div>\n\t\t\t\t\t\t<\/div>\n\t\t\t\t<\/div>\n\t\t\t\t\t<\/div>\n\t\t<\/div>\n\t\t\t\t\t<\/div>\n\t\t<\/section>\n\t\t\t\t<section class=\"has_eae_slider elementor-section elementor-top-section elementor-element elementor-element-69ab5ba1 elementor-section-boxed elementor-section-height-default elementor-section-height-default\" data-eae-slider=\"65313\" data-id=\"69ab5ba1\" data-element_type=\"section\" data-e-type=\"section\" data-settings=\"{&quot;background_background&quot;:&quot;classic&quot;}\">\n\t\t\t\t\t\t\t<div class=\"elementor-background-overlay\"><\/div>\n\t\t\t\t\t\t\t<div class=\"elementor-container elementor-column-gap-default\">\n\t\t\t\t\t<div class=\"has_eae_slider elementor-column elementor-col-33 elementor-top-column elementor-element elementor-element-12a1f3cd\" data-eae-slider=\"63707\" data-id=\"12a1f3cd\" data-element_type=\"column\" data-e-type=\"column\">\n\t\t\t<div class=\"elementor-widget-wrap elementor-element-populated\">\n\t\t\t\t\t\t<section class=\"has_eae_slider elementor-section elementor-inner-section elementor-element elementor-element-4e1bd9f elementor-section-boxed elementor-section-height-default elementor-section-height-default\" data-eae-slider=\"12394\" data-id=\"4e1bd9f\" data-element_type=\"section\" data-e-type=\"section\" data-settings=\"{&quot;background_background&quot;:&quot;classic&quot;}\">\n\t\t\t\t\t\t<div class=\"elementor-container elementor-column-gap-default\">\n\t\t\t\t\t<div class=\"has_eae_slider elementor-column elementor-col-100 elementor-inner-column elementor-element elementor-element-67273b\" data-eae-slider=\"69893\" data-id=\"67273b\" data-element_type=\"column\" data-e-type=\"column\">\n\t\t\t<div class=\"elementor-widget-wrap elementor-element-populated\">\n\t\t\t\t\t\t<div class=\"elementor-element elementor-element-10b210d6 elementor-widget elementor-widget-heading\" data-id=\"10b210d6\" data-element_type=\"widget\" data-e-type=\"widget\" data-widget_type=\"heading.default\">\n\t\t\t\t<div class=\"elementor-widget-container\">\n\t\t\t\t\t<h2 class=\"elementor-heading-title elementor-size-default\">Proteja sus datos ahora<\/h2>\t\t\t\t<\/div>\n\t\t\t\t<\/div>\n\t\t\t\t<div class=\"elementor-element elementor-element-762463d5 elementor-widget elementor-widget-text-editor\" data-id=\"762463d5\" data-element_type=\"widget\" data-e-type=\"widget\" data-widget_type=\"text-editor.default\">\n\t\t\t\t<div class=\"elementor-widget-container\">\n\t\t\t\t\t\t\t\t\t<p>Cont\u00e1ctenos para soporte, compras o cualquier otra consulta.<\/p>\t\t\t\t\t\t\t\t<\/div>\n\t\t\t\t<\/div>\n\t\t\t\t<div class=\"elementor-element elementor-element-6219b92f elementor-widget elementor-widget-htcontactform-addons\" data-id=\"6219b92f\" data-element_type=\"widget\" data-e-type=\"widget\" data-widget_type=\"htcontactform-addons.default\">\n\t\t\t\t<div class=\"elementor-widget-container\">\n\t\t\t\t\t            <div class=\"htcontact-form-wrapper\" >\n                \n<div class=\"wpcf7 no-js\" id=\"wpcf7-f380-o1\" lang=\"es-ES\" dir=\"ltr\" data-wpcf7-id=\"380\">\n<div class=\"screen-reader-response\"><p role=\"status\" aria-live=\"polite\" aria-atomic=\"true\"><\/p> <ul><\/ul><\/div>\n<form action=\"\/kaymera\/wp-json\/wp\/v2\/pages\/3155#wpcf7-f380-o1\" method=\"post\" class=\"wpcf7-form init\" aria-label=\"Formulario de contacto\" novalidate=\"novalidate\" data-status=\"init\">\n<fieldset class=\"hidden-fields-container\"><input type=\"hidden\" name=\"_wpcf7\" value=\"380\" \/><input type=\"hidden\" name=\"_wpcf7_version\" value=\"6.1.5\" \/><input type=\"hidden\" name=\"_wpcf7_locale\" value=\"es_ES\" \/><input type=\"hidden\" name=\"_wpcf7_unit_tag\" value=\"wpcf7-f380-o1\" \/><input type=\"hidden\" name=\"_wpcf7_container_post\" value=\"0\" \/><input type=\"hidden\" name=\"_wpcf7_posted_data_hash\" value=\"\" \/>\n<\/fieldset>\n<p><span class=\"wpcf7-form-control-wrap\" data-name=\"your-name\"><input size=\"40\" maxlength=\"400\" class=\"wpcf7-form-control wpcf7-text wpcf7-validates-as-required\" aria-required=\"true\" aria-invalid=\"false\" placeholder=\"Nombre*\" value=\"\" type=\"text\" name=\"your-name\" \/><\/span>\n<\/p>\n<p><span class=\"wpcf7-form-control-wrap\" data-name=\"your-email\"><input size=\"40\" maxlength=\"400\" class=\"wpcf7-form-control wpcf7-email wpcf7-validates-as-required wpcf7-text wpcf7-validates-as-email\" aria-required=\"true\" aria-invalid=\"false\" placeholder=\"Email*\" value=\"\" type=\"email\" name=\"your-email\" \/><\/span>\n<\/p>\n<p><span class=\"wpcf7-form-control-wrap intl_tel-635\"><input class=\"wpcf7-form-control wpcf7-intl_tel wpcf7-validates-as-required wpcf7-intl-tel\" aria-required=\"true\" aria-invalid=\"false\" data-initialcountry=\"co\" value=\"\" type=\"tel\" name=\"intl_tel-635-cf7it-national\" \/><input name=\"intl_tel-635\" type=\"hidden\" class=\"wpcf7-intl-tel-full\" \/><input type=\"hidden\" name=\"intl_tel-635-cf7it-country-name\" class=\"wpcf7-intl-tel-country-name\" \/><input type=\"hidden\" name=\"intl_tel-635-cf7it-country-code\" class=\"wpcf7-intl-tel-country-code\" \/><input type=\"hidden\" name=\"intl_tel-635-cf7it-country-iso2\" class=\"wpcf7-intl-tel-country-iso2\" \/><\/span><br \/>\n<span class=\"wpcf7-form-control-wrap\" data-name=\"acceptance-651\"><span class=\"wpcf7-form-control wpcf7-acceptance\"><span class=\"wpcf7-list-item\"><label><input type=\"checkbox\" name=\"acceptance-651\" value=\"1\" aria-invalid=\"false\" \/><span class=\"wpcf7-list-item-label\">Acepto t\u00e9rminos y condiciones<\/span><\/label><\/span><\/span><\/span>\n<\/p>\n<p><input class=\"wpcf7-form-control wpcf7-submit has-spinner\" type=\"submit\" value=\"Contacta ahora\" \/>\n<\/p>\n<style>.wpcf7-form input[type=\"text\"], input[type=\"email\"], input[type=\"url\"], input[type=\"password\"], input[type=\"search\"], input[type=\"number\"], input[type=\"tel\"], input[type=\"range\"], input[type=\"date\"], input[type=\"month\"], input[type=\"week\"], input[type=\"time\"], input[type=\"datetime\"], input[type=\"datetime-local\"], input[type=\"color\"], select, textarea {width:100% !important;}\n<\/style><div class=\"wpcf7-response-output\" aria-hidden=\"true\"><\/div>\n<\/form>\n<\/div>\n            <\/div>\n\n        \t\t\t\t<\/div>\n\t\t\t\t<\/div>\n\t\t\t\t\t<\/div>\n\t\t<\/div>\n\t\t\t\t\t<\/div>\n\t\t<\/section>\n\t\t\t\t\t<\/div>\n\t\t<\/div>\n\t\t\t\t<div class=\"has_eae_slider elementor-column elementor-col-66 elementor-top-column elementor-element elementor-element-549f1811\" data-eae-slider=\"43126\" data-id=\"549f1811\" data-element_type=\"column\" data-e-type=\"column\">\n\t\t\t<div class=\"elementor-widget-wrap\">\n\t\t\t\t\t\t\t<\/div>\n\t\t<\/div>\n\t\t\t\t\t<\/div>\n\t\t<\/section>\n\t\t\t\t<\/div>\n\t\t","protected":false},"excerpt":{"rendered":"<p>APP ENCRIPTADA KAYMERA PRECIOS EXPRESADOS EN PESOS COLOMBIANOS App Encriptada KAYMERA: comunicaciones con m\u00e1xima seguridad.App M\u00f3vil de Comunicaci\u00f3n Encriptada Grado Militar\u00a0para Enlaces de Voz y env\u00edo de Archivos y Mensajes con otros usuarios KAYMERA; basada en cifrado AES-256 sim\u00e9trico para la m\u00e1xima privacidad y protecci\u00f3n. CONT\u00c1CTANOS Concepto Precio (c\/IVA 19%) Licencia de 12 meses de&hellip;&nbsp;<a href=\"https:\/\/invict.com.co\/kaymera\/precio-app-encriptada-kaymera\/\" rel=\"bookmark\">Leer m\u00e1s &raquo;<span class=\"screen-reader-text\">Precio App Encriptada Kaymera<\/span><\/a><\/p>\n","protected":false},"author":1,"featured_media":0,"parent":0,"menu_order":0,"comment_status":"closed","ping_status":"closed","template":"page-templates\/template-pagebuilder-full-width.php","meta":{"neve_meta_sidebar":"","neve_meta_container":"","neve_meta_enable_content_width":"","neve_meta_content_width":0,"neve_meta_title_alignment":"","neve_meta_author_avatar":"","neve_post_elements_order":"","neve_meta_disable_header":"","neve_meta_disable_footer":"","neve_meta_disable_title":"","footnotes":""},"class_list":["post-3155","page","type-page","status-publish","hentry"],"yoast_head":"<!-- This site is optimized with the Yoast SEO plugin v27.1.1 - https:\/\/yoast.com\/product\/yoast-seo-wordpress\/ -->\n<title>Precio App Encriptada Kaymera - Kaymera by Invict<\/title>\n<meta name=\"robots\" content=\"index, follow, max-snippet:-1, max-image-preview:large, max-video-preview:-1\" \/>\n<link rel=\"canonical\" href=\"https:\/\/invict.com.co\/kaymera\/precio-app-encriptada-kaymera\/\" \/>\n<meta property=\"og:locale\" content=\"es_ES\" \/>\n<meta property=\"og:type\" content=\"article\" \/>\n<meta property=\"og:title\" content=\"Precio App Encriptada Kaymera - Kaymera by Invict\" \/>\n<meta property=\"og:description\" content=\"APP ENCRIPTADA KAYMERA PRECIOS EXPRESADOS EN PESOS COLOMBIANOS App Encriptada KAYMERA: comunicaciones con m\u00e1xima seguridad.App M\u00f3vil de Comunicaci\u00f3n Encriptada Grado Militar\u00a0para Enlaces de Voz y env\u00edo de Archivos y Mensajes con otros usuarios KAYMERA; basada en cifrado AES-256 sim\u00e9trico para la m\u00e1xima privacidad y protecci\u00f3n. CONT\u00c1CTANOS Concepto Precio (c\/IVA 19%) Licencia de 12 meses de&hellip;&nbsp;Leer m\u00e1s &raquo;Precio App Encriptada Kaymera\" \/>\n<meta property=\"og:url\" content=\"https:\/\/invict.com.co\/kaymera\/precio-app-encriptada-kaymera\/\" \/>\n<meta property=\"og:site_name\" content=\"Kaymera by Invict\" \/>\n<meta property=\"article:modified_time\" content=\"2022-04-21T18:06:12+00:00\" \/>\n<meta property=\"og:image\" content=\"https:\/\/invict.com.co\/kaymera\/wp-content\/uploads\/2022\/03\/appencriptada.png\" \/>\n<meta name=\"twitter:card\" content=\"summary_large_image\" \/>\n<meta name=\"twitter:label1\" content=\"Tiempo de lectura\" \/>\n\t<meta name=\"twitter:data1\" content=\"2 minutos\" \/>\n<script type=\"application\/ld+json\" class=\"yoast-schema-graph\">{\"@context\":\"https:\/\/schema.org\",\"@graph\":[{\"@type\":\"WebPage\",\"@id\":\"https:\/\/invict.com.co\/kaymera\/precio-app-encriptada-kaymera\/\",\"url\":\"https:\/\/invict.com.co\/kaymera\/precio-app-encriptada-kaymera\/\",\"name\":\"Precio App Encriptada Kaymera - Kaymera by Invict\",\"isPartOf\":{\"@id\":\"https:\/\/invict.com.co\/kaymera\/#website\"},\"primaryImageOfPage\":{\"@id\":\"https:\/\/invict.com.co\/kaymera\/precio-app-encriptada-kaymera\/#primaryimage\"},\"image\":{\"@id\":\"https:\/\/invict.com.co\/kaymera\/precio-app-encriptada-kaymera\/#primaryimage\"},\"thumbnailUrl\":\"https:\/\/invict.com.co\/kaymera\/wp-content\/uploads\/2022\/03\/appencriptada.png\",\"datePublished\":\"2022-03-24T18:15:51+00:00\",\"dateModified\":\"2022-04-21T18:06:12+00:00\",\"breadcrumb\":{\"@id\":\"https:\/\/invict.com.co\/kaymera\/precio-app-encriptada-kaymera\/#breadcrumb\"},\"inLanguage\":\"es\",\"potentialAction\":[{\"@type\":\"ReadAction\",\"target\":[\"https:\/\/invict.com.co\/kaymera\/precio-app-encriptada-kaymera\/\"]}]},{\"@type\":\"ImageObject\",\"inLanguage\":\"es\",\"@id\":\"https:\/\/invict.com.co\/kaymera\/precio-app-encriptada-kaymera\/#primaryimage\",\"url\":\"https:\/\/invict.com.co\/kaymera\/wp-content\/uploads\/2022\/03\/appencriptada.png\",\"contentUrl\":\"https:\/\/invict.com.co\/kaymera\/wp-content\/uploads\/2022\/03\/appencriptada.png\",\"width\":608,\"height\":608},{\"@type\":\"BreadcrumbList\",\"@id\":\"https:\/\/invict.com.co\/kaymera\/precio-app-encriptada-kaymera\/#breadcrumb\",\"itemListElement\":[{\"@type\":\"ListItem\",\"position\":1,\"name\":\"Portada\",\"item\":\"https:\/\/invict.com.co\/kaymera\/\"},{\"@type\":\"ListItem\",\"position\":2,\"name\":\"Precio App Encriptada Kaymera\"}]},{\"@type\":\"WebSite\",\"@id\":\"https:\/\/invict.com.co\/kaymera\/#website\",\"url\":\"https:\/\/invict.com.co\/kaymera\/\",\"name\":\"Kaymera by Invict\",\"description\":\"High-end mobile security\",\"potentialAction\":[{\"@type\":\"SearchAction\",\"target\":{\"@type\":\"EntryPoint\",\"urlTemplate\":\"https:\/\/invict.com.co\/kaymera\/?s={search_term_string}\"},\"query-input\":{\"@type\":\"PropertyValueSpecification\",\"valueRequired\":true,\"valueName\":\"search_term_string\"}}],\"inLanguage\":\"es\"}]}<\/script>\n<!-- \/ Yoast SEO plugin. -->","yoast_head_json":{"title":"Precio App Encriptada Kaymera - Kaymera by Invict","robots":{"index":"index","follow":"follow","max-snippet":"max-snippet:-1","max-image-preview":"max-image-preview:large","max-video-preview":"max-video-preview:-1"},"canonical":"https:\/\/invict.com.co\/kaymera\/precio-app-encriptada-kaymera\/","og_locale":"es_ES","og_type":"article","og_title":"Precio App Encriptada Kaymera - Kaymera by Invict","og_description":"APP ENCRIPTADA KAYMERA PRECIOS EXPRESADOS EN PESOS COLOMBIANOS App Encriptada KAYMERA: comunicaciones con m\u00e1xima seguridad.App M\u00f3vil de Comunicaci\u00f3n Encriptada Grado Militar\u00a0para Enlaces de Voz y env\u00edo de Archivos y Mensajes con otros usuarios KAYMERA; basada en cifrado AES-256 sim\u00e9trico para la m\u00e1xima privacidad y protecci\u00f3n. CONT\u00c1CTANOS Concepto Precio (c\/IVA 19%) Licencia de 12 meses de&hellip;&nbsp;Leer m\u00e1s &raquo;Precio App Encriptada Kaymera","og_url":"https:\/\/invict.com.co\/kaymera\/precio-app-encriptada-kaymera\/","og_site_name":"Kaymera by Invict","article_modified_time":"2022-04-21T18:06:12+00:00","og_image":[{"url":"https:\/\/invict.com.co\/kaymera\/wp-content\/uploads\/2022\/03\/appencriptada.png","type":"","width":"","height":""}],"twitter_card":"summary_large_image","twitter_misc":{"Tiempo de lectura":"2 minutos"},"schema":{"@context":"https:\/\/schema.org","@graph":[{"@type":"WebPage","@id":"https:\/\/invict.com.co\/kaymera\/precio-app-encriptada-kaymera\/","url":"https:\/\/invict.com.co\/kaymera\/precio-app-encriptada-kaymera\/","name":"Precio App Encriptada Kaymera - Kaymera by Invict","isPartOf":{"@id":"https:\/\/invict.com.co\/kaymera\/#website"},"primaryImageOfPage":{"@id":"https:\/\/invict.com.co\/kaymera\/precio-app-encriptada-kaymera\/#primaryimage"},"image":{"@id":"https:\/\/invict.com.co\/kaymera\/precio-app-encriptada-kaymera\/#primaryimage"},"thumbnailUrl":"https:\/\/invict.com.co\/kaymera\/wp-content\/uploads\/2022\/03\/appencriptada.png","datePublished":"2022-03-24T18:15:51+00:00","dateModified":"2022-04-21T18:06:12+00:00","breadcrumb":{"@id":"https:\/\/invict.com.co\/kaymera\/precio-app-encriptada-kaymera\/#breadcrumb"},"inLanguage":"es","potentialAction":[{"@type":"ReadAction","target":["https:\/\/invict.com.co\/kaymera\/precio-app-encriptada-kaymera\/"]}]},{"@type":"ImageObject","inLanguage":"es","@id":"https:\/\/invict.com.co\/kaymera\/precio-app-encriptada-kaymera\/#primaryimage","url":"https:\/\/invict.com.co\/kaymera\/wp-content\/uploads\/2022\/03\/appencriptada.png","contentUrl":"https:\/\/invict.com.co\/kaymera\/wp-content\/uploads\/2022\/03\/appencriptada.png","width":608,"height":608},{"@type":"BreadcrumbList","@id":"https:\/\/invict.com.co\/kaymera\/precio-app-encriptada-kaymera\/#breadcrumb","itemListElement":[{"@type":"ListItem","position":1,"name":"Portada","item":"https:\/\/invict.com.co\/kaymera\/"},{"@type":"ListItem","position":2,"name":"Precio App Encriptada Kaymera"}]},{"@type":"WebSite","@id":"https:\/\/invict.com.co\/kaymera\/#website","url":"https:\/\/invict.com.co\/kaymera\/","name":"Kaymera by Invict","description":"High-end mobile security","potentialAction":[{"@type":"SearchAction","target":{"@type":"EntryPoint","urlTemplate":"https:\/\/invict.com.co\/kaymera\/?s={search_term_string}"},"query-input":{"@type":"PropertyValueSpecification","valueRequired":true,"valueName":"search_term_string"}}],"inLanguage":"es"}]}},"_links":{"self":[{"href":"https:\/\/invict.com.co\/kaymera\/wp-json\/wp\/v2\/pages\/3155","targetHints":{"allow":["GET"]}}],"collection":[{"href":"https:\/\/invict.com.co\/kaymera\/wp-json\/wp\/v2\/pages"}],"about":[{"href":"https:\/\/invict.com.co\/kaymera\/wp-json\/wp\/v2\/types\/page"}],"author":[{"embeddable":true,"href":"https:\/\/invict.com.co\/kaymera\/wp-json\/wp\/v2\/users\/1"}],"replies":[{"embeddable":true,"href":"https:\/\/invict.com.co\/kaymera\/wp-json\/wp\/v2\/comments?post=3155"}],"version-history":[{"count":9,"href":"https:\/\/invict.com.co\/kaymera\/wp-json\/wp\/v2\/pages\/3155\/revisions"}],"predecessor-version":[{"id":3785,"href":"https:\/\/invict.com.co\/kaymera\/wp-json\/wp\/v2\/pages\/3155\/revisions\/3785"}],"wp:attachment":[{"href":"https:\/\/invict.com.co\/kaymera\/wp-json\/wp\/v2\/media?parent=3155"}],"curies":[{"name":"wp","href":"https:\/\/api.w.org\/{rel}","templated":true}]}}